{"id":3,"date":"2022-04-20T21:05:22","date_gmt":"2022-04-20T21:05:22","guid":{"rendered":"https:\/\/www.quinqueytintero.com\/?page_id=3"},"modified":"2022-11-02T18:03:35","modified_gmt":"2022-11-02T17:03:35","slug":"privacy-policy","status":"publish","type":"page","link":"https:\/\/www.quinqueytintero.com\/index.php\/privacy-policy\/","title":{"rendered":"Aviso Legal y Pol\u00edtica de Cookies"},"content":{"rendered":"\n<h2 class=\"wp-block-heading\">Propiedad Intelectual<\/h2>\n\n\n\n<p class=\"has-text-align-justify\">Los derechos de propiedad intelectual de este portal de Internet, asi como su dise\u00f1o, sus gr\u00e1ficos y los c\u00f3digos que contiene son titularidad son de <a href=\"https:\/\/www.quinqueytintero.com\/\">quinqueytintero.com<\/a>. La reproducci\u00f3n, distribuci\u00f3n, comercializaci\u00f3n o transformaci\u00f3n no autorizadas de esta obra, a no ser que sea para uso personal o privado, constituye una infracci\u00f3n de los derechos de propiedad intelectual. Igualmente, todas las marcas o signos distintivos de cualquier clase est\u00e1n protegidos por la Ley.<\/p>\n\n\n\n<p class=\"has-text-align-justify\">La utilizaci\u00f3n no autorizada de la informaci\u00f3n contenida en este portal, as\u00ed como los perjuicios ocasionados en los derechos de la propiedad intelectual e industrial pueden dar lugar al ejercicio de las acciones que legalmente correspondan y, si procede, a las responsabilidades que dichos ejercicios se deriven.<\/p>\n\n\n\n<p class=\"has-text-align-justify\"><a href=\"https:\/\/www.quinqueytintero.com\/\">quinqueytintero.com<\/a> vigilar\u00e1 y procurara, con todo su esfuerzo, evitar errores y, en su caso, repararlos o actualizarlos lo antes posible, no pudiendo garantizar su inexistencia ni que el contenido de la informaci\u00f3n se encuentre permanentemente actualizado.<\/p>\n\n\n\n<p class=\"has-text-align-justify\"><br><a href=\"https:\/\/www.quinqueytintero.com\/\">quinqueytintero.com<\/a> podr\u00e1 efectuar en cualquier momento y sin necesidad de previo aviso, modificaciones y actualizaciones sobre la informaci\u00f3n contenida en su portal o en su configuraci\u00f3n o presentaci\u00f3n, as\u00ed como sobre las condiciones y t\u00e9rminos de uso de este portal, por lo que rogamos a los usuarios que los consulten con mucha frecuencia.<\/p>\n\n\n\n<p class=\"has-text-align-justify\"><a href=\"https:\/\/www.quinqueytintero.com\/\">quinqueytintero.com<\/a> no se responsabilizar\u00e1 de ninguna consecuencia da\u00f1o o perjuicio que pudieran derivarse de este acceso o uso de informaci\u00f3n disponible en el presente Sitio Web.<\/p>\n\n\n\n<p class=\"has-text-align-justify\">La informaci\u00f3n proporcionada a trav\u00e9s del portal tiene car\u00e1cter meramente orientativa.&nbsp;<a href=\"https:\/\/www.quinqueytintero.com\/\">quinqueytintero.com<\/a>, no asume ninguna responsabilidad derivada de conexi\u00f3n o contenidos de los enlaces de terceros a los que se pueda hacer referencia en el portal.<\/p>\n\n\n\n<p class=\"has-text-align-justify\"><a href=\"https:\/\/www.quinqueytintero.com\/\">quinqueytintero.com<\/a> se reserva el derecho a registrar informaci\u00f3n relativa al navegaci\u00f3n y caracter\u00edsticas de navegador, resoluci\u00f3n de monitor, direcci\u00f3n IP, tipo de terminal, y cualquier otra que resultase necesaria para la optimizaci\u00f3n del portal.<\/p>\n\n\n\n<h2 class=\"wp-block-heading\">Datos personales<\/h2>\n\n\n\n<p class=\"has-text-align-justify\">El tratamiento de los datos de car\u00e1cter personal que se realice a trav\u00e9s de este portal estar\u00e1 sujeto a los establecido en la Ley de Protecci\u00f3n de Datos de Car\u00e1cter Personal. Los datos que se recojan se trasladar\u00e1n informativamente o se archivaran con el consentimiento del usuario, ofrecido al introducirlos libremente en este espacio Web. <\/p>\n\n\n\n<p class=\"has-text-align-justify\">El usuario puede ejercer sus derechos de acceso rectificaci\u00f3n y cancelaci\u00f3n, a trav\u00e9s de los procedimientos oportunos, as\u00ed como tiene derecho a decidir qui\u00e9n puede tener sus datos, para qu\u00e9 los usa, solicitar que los mismos sean exactos y que se utilicen para el fin por el que se recogen.<\/p>\n\n\n\n<p class=\"has-text-align-justify\">Los usuarios registrados autorizan a&nbsp;<a href=\"https:\/\/www.quinqueytintero.com\/\">quinqueytintero.com<\/a> a consultar en todo momento aquellos datos que hayan sido facilitados, de una u otra manera, as\u00ed como el registro de datos de navegaci\u00f3n y caracter\u00edsticas de navegador, resoluci\u00f3n de monitor, direcci\u00f3n IP, tipo de terminal, y cualquier otra que resultase necesaria para la optimizaci\u00f3n del portal.<\/p>\n\n\n\n<p class=\"has-text-align-justify\">Los usuarios, al registrarse, se comprometen a introducir sus datos reales, y declaran que no est\u00e1n suplantando la identidad de otra persona. En caso de ser solicitado, los usuarios deber\u00e1n aportar la informaci\u00f3n necesaria para verificar su identidad.<\/p>\n\n\n\n<p class=\"has-text-align-justify\">El usuario registrado autoriza a&nbsp;<a href=\"https:\/\/www.quinqueytintero.com\/\">quinqueytintero.com<\/a> a ponerse en contacto con \u00e9l mediante los cauces facilitados u otros a los que&nbsp;<a href=\"https:\/\/www.quinqueytintero.com\/\">quinqueytintero.com<\/a> tenga acceso. As\u00ed mismo, autoriza el env\u00edo de boletines, newsletter y otras comunicaciones, incluidas las comerciales.<\/p>\n\n\n\n<p class=\"has-text-align-justify\">La suplantaci\u00f3n de identidad ser\u00e1 responsabilidad \u00fanica del usuario que haya incurrido en ella.<\/p>\n\n\n\n<p class=\"has-text-align-justify\">Tan solo podr\u00e1n registrarse como usuarios las personas f\u00edsicas, quedando excluidas el resto de entidades, organizaciones, empresas, etc. que no cuenten con autorizaci\u00f3n expresa de\u00a0<a href=\"https:\/\/www.quinqueytintero.com\/\">quinqueytintero.com<\/a>.<\/p>\n\n\n\n<p class=\"has-text-align-justify\">Los usuarios han de ser mayores de 18 a\u00f1os o de aquella a la que se obtenga la mayor\u00eda de edad en sus respectivos pa\u00edses. Los menores de edad deber\u00e1n tener autorizaci\u00f3n de sus padres o tutores legales.<\/p>\n\n\n\n<p class=\"has-text-align-justify\">Los usuarios podr\u00e1n ser bloqueados o expulsados sin previo aviso, en caso de no cumplir las normas, o actuar conforme a los principios que rigen&nbsp;<a href=\"https:\/\/www.quinqueytintero.com\/\">quinqueytintero.com<\/a>.<\/p>\n\n\n\n<h2 class=\"wp-block-heading\">Pol\u00edtica de cookies<\/h2>\n\n\n\n<p class=\"has-text-align-justify\">Las cookies son peque\u00f1os archivos de informaci\u00f3n que el usuario env\u00eda a <a href=\"https:\/\/www.quinqueytintero.com\/\">quinqueytintero.com<\/a> para el correcto funcionamiento y visualizaci\u00f3n de la web, as\u00ed como se atiene a la recogida de estad\u00edsticas.<\/p>\n\n\n\n<p class=\"has-text-align-justify\">El&nbsp;art\u00edculo 22&nbsp;de la&nbsp;Ley de Servicios de la Sociedad de la Informaci\u00f3n y de Comercio Electr\u00f3nico (LSSI) es el que regula esta normativa, siendo modificada posteriormente por el&nbsp;Real Decreto-Ley 13\/2012.<\/p>\n\n\n\n<h2 class=\"wp-block-heading\">Comentarios<\/h2>\n\n\n\n<p class=\"has-text-align-justify\">El usuario es el \u00fanico responsable de la informaci\u00f3n que se publique desde su perfil.<\/p>\n\n\n\n<p class=\"has-text-align-justify\">El usuario garantiza que los comentarios introducidos son de su propiedad y no ha incurrido en plagio. En caso contrario, ser\u00e1 \u00e9l el \u00fanico responsable.<\/p>\n\n\n\n<p class=\"has-text-align-justify\">El usuario cede todos los derechos de uso, reproducci\u00f3n, publicaci\u00f3n y distribuci\u00f3n de los comentarios, textos, etc. que introduzca en\u00a0<a href=\"https:\/\/www.quinqueytintero.com\/\">quinqueytintero.com<\/a>, con independencia de los fines a los que sea destinado.<\/p>\n\n\n\n<p class=\"has-text-align-justify\">Los comentarios podr\u00e1n ser modificados, bloqueados y eliminados sin previo aviso, a fin de rectificar errores gramaticales u ortogr\u00e1ficos o eliminar palabras o expresiones malsonantes por asteriscos.<\/p>\n\n\n\n<h2 class=\"wp-block-heading\">Conclusi\u00f3n<\/h2>\n\n\n\n<p class=\"has-text-align-justify\">El incumplimiento de \u00e9stas condiciones implica la posibilidad de ser bloqueado temporal o definitivamente por parte de\u00a0<a href=\"https:\/\/www.quinqueytintero.com\/\">quinqueytintero.com<\/a>. En caso de grave y\/o reiterado incumplimiento,\u00a0<a href=\"https:\/\/www.quinqueytintero.com\/\">quinqueytintero.com<\/a> podr\u00e1 tomar medidas legales y t\u00e9cnicas para impedir el acceso a su portal.<\/p>\n","protected":false},"excerpt":{"rendered":"<p>Propiedad Intelectual Los derechos de propiedad intelectual de este portal de Internet, asi como su dise\u00f1o, sus gr\u00e1ficos y los c\u00f3digos que contiene son titularidad son de quinqueytintero.com. La reproducci\u00f3n, distribuci\u00f3n, comercializaci\u00f3n [&hellip;]<\/p>\n","protected":false},"author":1,"featured_media":0,"parent":0,"menu_order":0,"comment_status":"closed","ping_status":"open","template":"","meta":{"_s2mail":"yes","footnotes":""},"class_list":["post-3","page","type-page","status-publish","hentry","bwp-masonry-item","bwp-col-3","bwp-post-has-title"],"jetpack_sharing_enabled":true,"_links":{"self":[{"href":"https:\/\/www.quinqueytintero.com\/index.php\/wp-json\/wp\/v2\/pages\/3","targetHints":{"allow":["GET"]}}],"collection":[{"href":"https:\/\/www.quinqueytintero.com\/index.php\/wp-json\/wp\/v2\/pages"}],"about":[{"href":"https:\/\/www.quinqueytintero.com\/index.php\/wp-json\/wp\/v2\/types\/page"}],"author":[{"embeddable":true,"href":"https:\/\/www.quinqueytintero.com\/index.php\/wp-json\/wp\/v2\/users\/1"}],"replies":[{"embeddable":true,"href":"https:\/\/www.quinqueytintero.com\/index.php\/wp-json\/wp\/v2\/comments?post=3"}],"version-history":[{"count":4,"href":"https:\/\/www.quinqueytintero.com\/index.php\/wp-json\/wp\/v2\/pages\/3\/revisions"}],"predecessor-version":[{"id":1049,"href":"https:\/\/www.quinqueytintero.com\/index.php\/wp-json\/wp\/v2\/pages\/3\/revisions\/1049"}],"wp:attachment":[{"href":"https:\/\/www.quinqueytintero.com\/index.php\/wp-json\/wp\/v2\/media?parent=3"}],"curies":[{"name":"wp","href":"https:\/\/api.w.org\/{rel}","templated":true}]}}