{"id":2353,"date":"2024-04-18T12:40:14","date_gmt":"2024-04-18T10:40:14","guid":{"rendered":"https:\/\/www.quinqueytintero.com\/?page_id=2353"},"modified":"2024-04-18T12:40:17","modified_gmt":"2024-04-18T10:40:17","slug":"libros-2","status":"publish","type":"page","link":"https:\/\/www.quinqueytintero.com\/index.php\/libros-2\/","title":{"rendered":"Libros"},"content":{"rendered":"\n<p>T\u00edtulo: <strong><em>Siempre promete amanecer<\/em><\/strong><\/p>\n\n\n<div class=\"wp-block-image is-style-default\">\n<figure class=\"alignright size-large is-resized\"><a href=\"https:\/\/poesiaentodo.com\/p\/siempre-promete-amanecer-de-ignacio-eufemio-caballero\" target=\"_blank\" rel=\"noreferrer noopener\"><img loading=\"lazy\" decoding=\"async\" width=\"613\" height=\"1024\" src=\"https:\/\/www.quinqueytintero.com\/wp-content\/uploads\/2024\/04\/Portada-Libro-2-1-613x1024.jpeg\" alt=\"\" class=\"wp-image-2279\" style=\"width:192px;height:auto\"\/><\/a><\/figure>\n<\/div>\n\n\n<p>Autor: <strong>Ignacio Eufemio Caballero<\/strong><\/p>\n\n\n\n<p>N\u00famero de p\u00e1ginas: <strong>90<\/strong><\/p>\n\n\n\n<p>Editorial: <strong>Ediciones Vitruvio <\/strong><\/p>\n\n\n\n<p>Puedes comprar el libro sin gastos de env\u00edo pinchando en la imagen:<\/p>\n\n\n\n<h4 class=\"wp-block-heading\">A la orilla de un faro<br><br><strong><br>I<br><br><br><\/strong><sub>Sin lengua para decir nunca,<br>sin voz para decir siempre,<br>los fantasmas incontables de Mil<\/sub><\/h4>\n","protected":false},"excerpt":{"rendered":"<p>T\u00edtulo: Siempre promete amanecer Autor: Ignacio Eufemio Caballero N\u00famero de p\u00e1ginas: 90 Editorial: Ediciones Vitruvio Puedes comprar el libro sin gastos de env\u00edo pinchando en la imagen: A la orilla de un [&hellip;]<\/p>\n","protected":false},"author":1,"featured_media":0,"parent":0,"menu_order":0,"comment_status":"closed","ping_status":"closed","template":"","meta":{"_s2mail":"yes","footnotes":""},"class_list":["post-2353","page","type-page","status-publish","hentry","bwp-masonry-item","bwp-col-3","bwp-post-has-title"],"jetpack_sharing_enabled":true,"_links":{"self":[{"href":"https:\/\/www.quinqueytintero.com\/index.php\/wp-json\/wp\/v2\/pages\/2353","targetHints":{"allow":["GET"]}}],"collection":[{"href":"https:\/\/www.quinqueytintero.com\/index.php\/wp-json\/wp\/v2\/pages"}],"about":[{"href":"https:\/\/www.quinqueytintero.com\/index.php\/wp-json\/wp\/v2\/types\/page"}],"author":[{"embeddable":true,"href":"https:\/\/www.quinqueytintero.com\/index.php\/wp-json\/wp\/v2\/users\/1"}],"replies":[{"embeddable":true,"href":"https:\/\/www.quinqueytintero.com\/index.php\/wp-json\/wp\/v2\/comments?post=2353"}],"version-history":[{"count":1,"href":"https:\/\/www.quinqueytintero.com\/index.php\/wp-json\/wp\/v2\/pages\/2353\/revisions"}],"predecessor-version":[{"id":2354,"href":"https:\/\/www.quinqueytintero.com\/index.php\/wp-json\/wp\/v2\/pages\/2353\/revisions\/2354"}],"wp:attachment":[{"href":"https:\/\/www.quinqueytintero.com\/index.php\/wp-json\/wp\/v2\/media?parent=2353"}],"curies":[{"name":"wp","href":"https:\/\/api.w.org\/{rel}","templated":true}]}}