{"id":2,"date":"2022-04-20T21:05:22","date_gmt":"2022-04-20T21:05:22","guid":{"rendered":"https:\/\/www.quinqueytintero.com\/?page_id=2"},"modified":"2022-11-02T18:05:15","modified_gmt":"2022-11-02T17:05:15","slug":"sample-page","status":"publish","type":"page","link":"https:\/\/www.quinqueytintero.com\/index.php\/sample-page\/","title":{"rendered":"Con\u00f3zcanos"},"content":{"rendered":"\n<p class=\"has-text-align-justify\">Todo comenz\u00f3 una tarde de marzo de 2022, de la manera m\u00e1s inesperada y genuina. Cuatro hermanos, pues as\u00ed nos consideramos los unos a los otros, nos ilusionamos, y, de esa alegr\u00eda abierta y sincera, surgi\u00f3 una idea que nos cambiar\u00eda para siempre.<\/p>\n\n\n\n<p class=\"has-text-align-justify\">La ilusi\u00f3n torn\u00f3 en realidad y se convirti\u00f3 en un compromiso para con nosotros, en una deuda con nuestro pasado y en un refugio de inspiraci\u00f3n para el futuro.<\/p>\n\n\n\n<p class=\"has-text-align-justify\">Aqu\u00ed encontraran aquello que nos ense\u00f1\u00f3 el tiempo, la amistad, el odio, el amor, la pena, el deseo, la verdad, la mentira, el olvido, el recuerdo, el silencio, los sue\u00f1os y la esperanza.<\/p>\n\n\n\n<p class=\"has-text-align-justify\">Sean bienvenidos a <strong>Quinqu\u00e9 y Tintero<\/strong>, su casa. Disfruten de las historias que aqu\u00ed se cuentan y, si as\u00ed lo desean, h\u00e1ganlas como propias.<\/p>\n\n\n\n<p class=\"has-text-align-justify\"><em>La libertad es nuestra bandera y escribir nuestro legado.<\/em><\/p>\n\n\n\n<p class=\"has-text-align-justify\">Les saludan, atentamente, Ignacio, Jaime, Carlos y Alejandro.<\/p>\n","protected":false},"excerpt":{"rendered":"<p>Todo comenz\u00f3 una tarde de marzo de 2022, de la manera m\u00e1s inesperada y genuina. Cuatro hermanos, pues as\u00ed nos consideramos los unos a los otros, nos ilusionamos, y, de esa alegr\u00eda [&hellip;]<\/p>\n","protected":false},"author":1,"featured_media":0,"parent":0,"menu_order":0,"comment_status":"closed","ping_status":"open","template":"","meta":{"_s2mail":"yes","footnotes":""},"class_list":["post-2","page","type-page","status-publish","hentry","bwp-masonry-item","bwp-col-3","bwp-post-has-title"],"jetpack_sharing_enabled":true,"_links":{"self":[{"href":"https:\/\/www.quinqueytintero.com\/index.php\/wp-json\/wp\/v2\/pages\/2","targetHints":{"allow":["GET"]}}],"collection":[{"href":"https:\/\/www.quinqueytintero.com\/index.php\/wp-json\/wp\/v2\/pages"}],"about":[{"href":"https:\/\/www.quinqueytintero.com\/index.php\/wp-json\/wp\/v2\/types\/page"}],"author":[{"embeddable":true,"href":"https:\/\/www.quinqueytintero.com\/index.php\/wp-json\/wp\/v2\/users\/1"}],"replies":[{"embeddable":true,"href":"https:\/\/www.quinqueytintero.com\/index.php\/wp-json\/wp\/v2\/comments?post=2"}],"version-history":[{"count":2,"href":"https:\/\/www.quinqueytintero.com\/index.php\/wp-json\/wp\/v2\/pages\/2\/revisions"}],"predecessor-version":[{"id":1053,"href":"https:\/\/www.quinqueytintero.com\/index.php\/wp-json\/wp\/v2\/pages\/2\/revisions\/1053"}],"wp:attachment":[{"href":"https:\/\/www.quinqueytintero.com\/index.php\/wp-json\/wp\/v2\/media?parent=2"}],"curies":[{"name":"wp","href":"https:\/\/api.w.org\/{rel}","templated":true}]}}